{"id":2,"date":"2020-12-27T12:02:51","date_gmt":"2020-12-27T09:02:51","guid":{"rendered":"http:\/\/kozlov.test\/de\/?page_id=2"},"modified":"2024-12-02T00:46:43","modified_gmt":"2024-12-01T21:46:43","slug":"sample-page","status":"publish","type":"page","link":"https:\/\/kozlovmarketing.com\/de\/","title":{"rendered":"Hauptseite"},"content":{"rendered":"","protected":false},"excerpt":{"rendered":"","protected":false},"author":1,"featured_media":0,"parent":0,"menu_order":0,"comment_status":"closed","ping_status":"open","template":"index.php","meta":{"content-type":""},"yoast_head":"<!-- This site is optimized with the Yoast SEO plugin v16.9 - https:\/\/yoast.com\/wordpress\/plugins\/seo\/ -->\n<title>Hauptseite &ndash; Kozlov Marketing Germany<\/title>\n<meta name=\"description\" content=\"Die Marketingagentur Kozlov Marketing bietet Dienstleistungen f\u00fcr die Gesch\u00e4ftsentwicklung an und bringt sie auf internationale M\u00e4rkte. Entwicklung von Design, Websites, SMM, SEO, SERM, Werbung, Analytik und Ausschreibungen in Europa, Asien, der GUS.\" \/>\n<meta name=\"robots\" content=\"index, follow, max-snippet:-1, max-image-preview:large, max-video-preview:-1\" \/>\n<link rel=\"canonical\" href=\"https:\/\/kozlovmarketing.com\/de\/\" \/>\n<meta property=\"og:locale\" content=\"de_DE\" \/>\n<meta property=\"og:type\" content=\"article\" \/>\n<meta property=\"og:title\" content=\"Hauptseite &ndash; Kozlov Marketing Germany\" \/>\n<meta property=\"og:description\" content=\"Die Marketingagentur Kozlov Marketing bietet Dienstleistungen f\u00fcr die Gesch\u00e4ftsentwicklung an und bringt sie auf internationale M\u00e4rkte. Entwicklung von Design, Websites, SMM, SEO, SERM, Werbung, Analytik und Ausschreibungen in Europa, Asien, der GUS.\" \/>\n<meta property=\"og:url\" content=\"https:\/\/kozlovmarketing.com\/de\/\" \/>\n<meta property=\"og:site_name\" content=\"Kozlov Marketing Germany\" \/>\n<meta property=\"og:image\" content=\"https:\/\/kozlovmarketing.com\/wp-content\/uploads\/2021\/07\/og-image-2.jpg\" \/>\n\t<meta property=\"og:image:width\" content=\"382\" \/>\n\t<meta property=\"og:image:height\" content=\"207\" \/>\n<meta name=\"twitter:card\" content=\"summary_large_image\" \/>\n<script type=\"application\/ld+json\" class=\"yoast-schema-graph\">{\"@context\":\"https:\/\/schema.org\",\"@graph\":[{\"@type\":\"WebSite\",\"@id\":\"https:\/\/kozlovmarketing.com\/de\/#website\",\"url\":\"https:\/\/kozlovmarketing.com\/de\/\",\"name\":\"Kozlov Marketing Germany\",\"description\":\"\\u0415\\u0449\\u0451 \\u043e\\u0434\\u0438\\u043d \\u0441\\u0430\\u0439\\u0442 \\u0441\\u0435\\u0442\\u0438 \\u00abKozlov Marketing\\u00bb\",\"inLanguage\":\"de\"},{\"@type\":\"WebPage\",\"@id\":\"https:\/\/kozlovmarketing.com\/de\/#webpage\",\"url\":\"https:\/\/kozlovmarketing.com\/de\/\",\"name\":\"Hauptseite &ndash; Kozlov Marketing Germany\",\"isPartOf\":{\"@id\":\"https:\/\/kozlovmarketing.com\/de\/#website\"},\"datePublished\":\"2020-12-27T09:02:51+00:00\",\"dateModified\":\"2024-12-01T21:46:43+00:00\",\"description\":\"Die Marketingagentur Kozlov Marketing bietet Dienstleistungen f\\u00fcr die Gesch\\u00e4ftsentwicklung an und bringt sie auf internationale M\\u00e4rkte. Entwicklung von Design, Websites, SMM, SEO, SERM, Werbung, Analytik und Ausschreibungen in Europa, Asien, der GUS.\",\"breadcrumb\":{\"@id\":\"https:\/\/kozlovmarketing.com\/de\/#breadcrumb\"},\"inLanguage\":\"de\",\"potentialAction\":[{\"@type\":\"ReadAction\",\"target\":[\"https:\/\/kozlovmarketing.com\/de\/\"]}]},{\"@type\":\"BreadcrumbList\",\"@id\":\"https:\/\/kozlovmarketing.com\/de\/#breadcrumb\",\"itemListElement\":[{\"@type\":\"ListItem\",\"position\":1,\"name\":\"Startseite\",\"item\":\"https:\/\/kozlovmarketing.com\/de\/\"},{\"@type\":\"ListItem\",\"position\":2,\"name\":\"Hauptseite\"}]}]}<\/script>\n<!-- \/ Yoast SEO plugin. -->","yoast_head_json":{"title":"Hauptseite &ndash; Kozlov Marketing Germany","description":"Die Marketingagentur Kozlov Marketing bietet Dienstleistungen f\u00fcr die Gesch\u00e4ftsentwicklung an und bringt sie auf internationale M\u00e4rkte. Entwicklung von Design, Websites, SMM, SEO, SERM, Werbung, Analytik und Ausschreibungen in Europa, Asien, der GUS.","robots":{"index":"index","follow":"follow","max-snippet":"max-snippet:-1","max-image-preview":"max-image-preview:large","max-video-preview":"max-video-preview:-1"},"canonical":"https:\/\/kozlovmarketing.com\/de\/","og_locale":"de_DE","og_type":"article","og_title":"Hauptseite &ndash; Kozlov Marketing Germany","og_description":"Die Marketingagentur Kozlov Marketing bietet Dienstleistungen f\u00fcr die Gesch\u00e4ftsentwicklung an und bringt sie auf internationale M\u00e4rkte. Entwicklung von Design, Websites, SMM, SEO, SERM, Werbung, Analytik und Ausschreibungen in Europa, Asien, der GUS.","og_url":"https:\/\/kozlovmarketing.com\/de\/","og_site_name":"Kozlov Marketing Germany","og_image":[{"url":"https:\/\/kozlovmarketing.com\/wp-content\/uploads\/2021\/07\/og-image-2.jpg","height":207,"width":382}],"twitter_card":"summary_large_image","schema":{"@context":"https:\/\/schema.org","@graph":[{"@type":"WebSite","@id":"https:\/\/kozlovmarketing.com\/de\/#website","url":"https:\/\/kozlovmarketing.com\/de\/","name":"Kozlov Marketing Germany","description":"\u0415\u0449\u0451 \u043e\u0434\u0438\u043d \u0441\u0430\u0439\u0442 \u0441\u0435\u0442\u0438 \u00abKozlov Marketing\u00bb","inLanguage":"de"},{"@type":"WebPage","@id":"https:\/\/kozlovmarketing.com\/de\/#webpage","url":"https:\/\/kozlovmarketing.com\/de\/","name":"Hauptseite &ndash; Kozlov Marketing Germany","isPartOf":{"@id":"https:\/\/kozlovmarketing.com\/de\/#website"},"datePublished":"2020-12-27T09:02:51+00:00","dateModified":"2024-12-01T21:46:43+00:00","description":"Die Marketingagentur Kozlov Marketing bietet Dienstleistungen f\u00fcr die Gesch\u00e4ftsentwicklung an und bringt sie auf internationale M\u00e4rkte. Entwicklung von Design, Websites, SMM, SEO, SERM, Werbung, Analytik und Ausschreibungen in Europa, Asien, der GUS.","breadcrumb":{"@id":"https:\/\/kozlovmarketing.com\/de\/#breadcrumb"},"inLanguage":"de","potentialAction":[{"@type":"ReadAction","target":["https:\/\/kozlovmarketing.com\/de\/"]}]},{"@type":"BreadcrumbList","@id":"https:\/\/kozlovmarketing.com\/de\/#breadcrumb","itemListElement":[{"@type":"ListItem","position":1,"name":"Startseite","item":"https:\/\/kozlovmarketing.com\/de\/"},{"@type":"ListItem","position":2,"name":"Hauptseite"}]}]}},"_links":{"self":[{"href":"https:\/\/kozlovmarketing.com\/de\/wp-json\/wp\/v2\/pages\/2"}],"collection":[{"href":"https:\/\/kozlovmarketing.com\/de\/wp-json\/wp\/v2\/pages"}],"about":[{"href":"https:\/\/kozlovmarketing.com\/de\/wp-json\/wp\/v2\/types\/page"}],"author":[{"embeddable":true,"href":"https:\/\/kozlovmarketing.com\/de\/wp-json\/wp\/v2\/users\/1"}],"replies":[{"embeddable":true,"href":"https:\/\/kozlovmarketing.com\/de\/wp-json\/wp\/v2\/comments?post=2"}],"version-history":[{"count":0,"href":"https:\/\/kozlovmarketing.com\/de\/wp-json\/wp\/v2\/pages\/2\/revisions"}],"wp:attachment":[{"href":"https:\/\/kozlovmarketing.com\/de\/wp-json\/wp\/v2\/media?parent=2"}],"curies":[{"name":"wp","href":"https:\/\/api.w.org\/{rel}","templated":true}]}}